{"id":24,"date":"2016-02-12T08:13:06","date_gmt":"2016-02-12T08:13:06","guid":{"rendered":"http:\/\/demos.famethemes.com\/onepress\/?page_id=24"},"modified":"2018-07-31T21:57:11","modified_gmt":"2018-07-31T21:57:11","slug":"service-title-2","status":"publish","type":"page","link":"https:\/\/sebastianus-wesseling.nrw\/?page_id=24","title":{"rendered":"Luftdruckwaffen"},"content":{"rendered":"<p>Das Schie\u00dfen mit Luftgewehr und Luftpistole ist auf elf 10m-St\u00e4nden m\u00f6glich. Hierf\u00fcr stehen mehrere vereinseigene Druckluftwaffen zur Verf\u00fcgung, ebenso Jugendwaffen. F\u00fcr Kinder und Jugendliche ist dieses Schie\u00dfen uneingeschr\u00e4nkt ab dem 12. Lebensjahr erlaubt. J\u00fcngere Interessierte schauen bitte in die Rubrik \u201aLaserschie\u00dfen\u2018.<\/p>\n","protected":false},"excerpt":{"rendered":"<p>Das Schie\u00dfen mit Luftgewehr und Luftpistole ist auf elf 10m-St\u00e4nden m\u00f6glich. Hierf\u00fcr stehen mehrere &#8230;<\/p>\n","protected":false},"author":1,"featured_media":0,"parent":0,"menu_order":0,"comment_status":"closed","ping_status":"closed","template":"","meta":[],"_links":{"self":[{"href":"https:\/\/sebastianus-wesseling.nrw\/index.php?rest_route=\/wp\/v2\/pages\/24"}],"collection":[{"href":"https:\/\/sebastianus-wesseling.nrw\/index.php?rest_route=\/wp\/v2\/pages"}],"about":[{"href":"https:\/\/sebastianus-wesseling.nrw\/index.php?rest_route=\/wp\/v2\/types\/page"}],"author":[{"embeddable":true,"href":"https:\/\/sebastianus-wesseling.nrw\/index.php?rest_route=\/wp\/v2\/users\/1"}],"replies":[{"embeddable":true,"href":"https:\/\/sebastianus-wesseling.nrw\/index.php?rest_route=%2Fwp%2Fv2%2Fcomments&post=24"}],"version-history":[{"count":5,"href":"https:\/\/sebastianus-wesseling.nrw\/index.php?rest_route=\/wp\/v2\/pages\/24\/revisions"}],"predecessor-version":[{"id":1680,"href":"https:\/\/sebastianus-wesseling.nrw\/index.php?rest_route=\/wp\/v2\/pages\/24\/revisions\/1680"}],"wp:attachment":[{"href":"https:\/\/sebastianus-wesseling.nrw\/index.php?rest_route=%2Fwp%2Fv2%2Fmedia&parent=24"}],"curies":[{"name":"wp","href":"https:\/\/api.w.org\/{rel}","templated":true}]}}