{"id":23,"date":"2016-02-12T08:12:49","date_gmt":"2016-02-12T08:12:49","guid":{"rendered":"http:\/\/demos.famethemes.com\/onepress\/?page_id=23"},"modified":"2018-07-31T21:56:56","modified_gmt":"2018-07-31T21:56:56","slug":"service-title-1","status":"publish","type":"page","link":"https:\/\/sebastianus-wesseling.nrw\/?page_id=23","title":{"rendered":"Kleinkaliber"},"content":{"rendered":"<p>Ein Schie\u00dfen mit Kleinkaliber (Kaliber .22lr) ist zu Zeit auf unseren 50m-St\u00e4nden im Rathauskeller leider nicht m\u00f6glich. Es wird uns jedoch die M\u00f6glichkeit durch befreundete Bruderschaften im Bezirksverband Br\u00fchl gegeben, auf ihren St\u00e4nden zu trainieren. Auch hier stehen vereinseigene Gewehre zur Verf\u00fcgung. Dieses Schie\u00dfen ist ab dem 18. Lebensjahr m\u00f6glich.<\/p>\n","protected":false},"excerpt":{"rendered":"<p>Ein Schie\u00dfen mit Kleinkaliber (Kaliber .22lr) ist zu Zeit auf unseren 50m-St\u00e4nden im Rathauskeller &#8230;<\/p>\n","protected":false},"author":1,"featured_media":0,"parent":0,"menu_order":0,"comment_status":"closed","ping_status":"closed","template":"","meta":[],"_links":{"self":[{"href":"https:\/\/sebastianus-wesseling.nrw\/index.php?rest_route=\/wp\/v2\/pages\/23"}],"collection":[{"href":"https:\/\/sebastianus-wesseling.nrw\/index.php?rest_route=\/wp\/v2\/pages"}],"about":[{"href":"https:\/\/sebastianus-wesseling.nrw\/index.php?rest_route=\/wp\/v2\/types\/page"}],"author":[{"embeddable":true,"href":"https:\/\/sebastianus-wesseling.nrw\/index.php?rest_route=\/wp\/v2\/users\/1"}],"replies":[{"embeddable":true,"href":"https:\/\/sebastianus-wesseling.nrw\/index.php?rest_route=%2Fwp%2Fv2%2Fcomments&post=23"}],"version-history":[{"count":5,"href":"https:\/\/sebastianus-wesseling.nrw\/index.php?rest_route=\/wp\/v2\/pages\/23\/revisions"}],"predecessor-version":[{"id":1679,"href":"https:\/\/sebastianus-wesseling.nrw\/index.php?rest_route=\/wp\/v2\/pages\/23\/revisions\/1679"}],"wp:attachment":[{"href":"https:\/\/sebastianus-wesseling.nrw\/index.php?rest_route=%2Fwp%2Fv2%2Fmedia&parent=23"}],"curies":[{"name":"wp","href":"https:\/\/api.w.org\/{rel}","templated":true}]}}