{"id":1595,"date":"2018-05-05T23:46:39","date_gmt":"2018-05-05T23:46:39","guid":{"rendered":"http:\/\/SEBASTIANUS-WESSELING.NRW\/?page_id=1595"},"modified":"2018-07-30T17:13:41","modified_gmt":"2018-07-30T17:13:41","slug":"sponsoren","status":"publish","type":"page","link":"https:\/\/sebastianus-wesseling.nrw\/?page_id=1595","title":{"rendered":"Sponsoren"},"content":{"rendered":"<p><strong>Die St. Seb. Sch\u00fctzenbruderschaft bedankt sich bei Ihren Sponsoren<br \/>\nrecht herzlich f\u00fcr die\u00a0 Unterst\u00fctzung!<\/strong><\/p>\n<p>Rechtsanwalt Georg B\u00f6hner<br \/>\nAllfinanz Deutsche Vem\u00f6gensberatung<br \/>\nKasper Poensgen St\u00e4dtereinigung GmbH<br \/>\nMonarchis Grundbesitzgesellschaft mbH<br \/>\nVR Bank Rhein-Erft eG<br \/>\nAutohaus Zorn GmbH<br \/>\nB\u00e4ckerei Voosen GmbH &amp; Co. KG<br \/>\nBrenig Instandsetzungs GmbH<br \/>\nCBT-Caritas-Betriebsf\u00fchrungs- und Tr\u00e4gergeselschaft mbH<br \/>\nCDU Wesseling; Olaf Krah<br \/>\nElektro Engels &amp; Schmitz<br \/>\nEvonik Technology &amp; Infrastructure<br \/>\nKreissparkasse K\u00f6ln<br \/>\nOtto Krings GmbH<br \/>\nRentmobil Reisemobil GmbH<br \/>\nRestaurant Medaillon Fam. Rejeb<br \/>\nSchreinerei van Dyck<br \/>\nSPD-Wesseling Frau Heidi Meyn<br \/>\nStreicher + Brock Elektrotechnik GmbH<br \/>\nWanderhotel Kirchner<br \/>\nDoris Herrmann<br \/>\nBauzentrum Pelzer GmbH<br \/>\nDruckerei Sch\u00fcller, K\u00f6ln&#8216;<br \/>\nElektro Zimmermann<br \/>\nFDP Bernd Schmidt&#8216;<br \/>\nFohrn<br \/>\nForstbetrieb Schauf<br \/>\nGasversorgungsgesellschaft mbH Rhein-Erft<br \/>\nHeerdt<br \/>\nKronen Apotheke Marxen &amp; Ruberg OHG<br \/>\nMefra Carl Voll GmbH<br \/>\nNesseler + Esser GmbH &amp; Co. KG<br \/>\nOptik&amp; H\u00f6rakustik Weibeler<br \/>\nPanoramahotel Wildsch\u00fctz&#8216;<br \/>\nSchellberg Befestigungstechnik-Vetriebs-GmbH<br \/>\nShell<br \/>\nStrickers Hofladen<br \/>\nTaxi Schall<br \/>\nWirtzHaus GmbH<br \/>\nZweirad Perscheid<br \/>\nBestattungshaus van Dyck<br \/>\nDewald OHG<br \/>\nGothaer Versicherungsbank VVaG; MVC K\u00f6ln; Hr.Harald Ommer<br \/>\nKlaus Meschwitz<br \/>\nSchl\u00f6sser Metallbau u. Stahlbau GmbH<br \/>\nThrum &amp; Michalowski GmbH<br \/>\nElektrotechnik Roggendorf<br \/>\nEngels &amp; Meisen GbR<br \/>\nImmobilien Service Machts<br \/>\nKamphues GmbH<br \/>\nKarl Sch\u00e4fer Omnibusreisen GmbH<br \/>\nHautarztpraxis Dr. Stranzenbach<br \/>\nREWE J\u00f6rg Randebrock OHG<br \/>\nRheinland-Touristik Platz GmbH<br \/>\nVerlag Wesselinger Offizin Gr\u00fcnder W. T\u00fcllmann<br \/>\nIBD Immobilien GmbH<br \/>\nImmobiliensachverst\u00e4ndige Dobberstein<br \/>\nObjekt + Raum Oberscheid GmbH<br \/>\nOrtsverein Haus und Grund, Vorsitzender Ralf D\u00fcnow<br \/>\nSchmuck-Atelier D`Ambrosio<br \/>\nTonia Bertolami Salon Nunzio<br \/>\nZimmermann Landtechnik GmbH<\/p>\n","protected":false},"excerpt":{"rendered":"<p>Die St. Seb. Sch\u00fctzenbruderschaft bedankt sich bei Ihren Sponsoren recht herzlich f\u00fcr die\u00a0 Unterst\u00fctzung! Rechtsanwalt Georg B\u00f6hner Allfinanz Deutsche Vem\u00f6gensberatung Kasper Poensgen St\u00e4dtereinigung GmbH Monarchis Grundbesitzgesellschaft mbH VR Bank Rhein-Erft &#8230;<\/p>\n","protected":false},"author":1,"featured_media":0,"parent":0,"menu_order":0,"comment_status":"closed","ping_status":"closed","template":"","meta":[],"_links":{"self":[{"href":"https:\/\/sebastianus-wesseling.nrw\/index.php?rest_route=\/wp\/v2\/pages\/1595"}],"collection":[{"href":"https:\/\/sebastianus-wesseling.nrw\/index.php?rest_route=\/wp\/v2\/pages"}],"about":[{"href":"https:\/\/sebastianus-wesseling.nrw\/index.php?rest_route=\/wp\/v2\/types\/page"}],"author":[{"embeddable":true,"href":"https:\/\/sebastianus-wesseling.nrw\/index.php?rest_route=\/wp\/v2\/users\/1"}],"replies":[{"embeddable":true,"href":"https:\/\/sebastianus-wesseling.nrw\/index.php?rest_route=%2Fwp%2Fv2%2Fcomments&post=1595"}],"version-history":[{"count":4,"href":"https:\/\/sebastianus-wesseling.nrw\/index.php?rest_route=\/wp\/v2\/pages\/1595\/revisions"}],"predecessor-version":[{"id":1628,"href":"https:\/\/sebastianus-wesseling.nrw\/index.php?rest_route=\/wp\/v2\/pages\/1595\/revisions\/1628"}],"wp:attachment":[{"href":"https:\/\/sebastianus-wesseling.nrw\/index.php?rest_route=%2Fwp%2Fv2%2Fmedia&parent=1595"}],"curies":[{"name":"wp","href":"https:\/\/api.w.org\/{rel}","templated":true}]}}