{"id":1354,"date":"2018-02-13T13:08:18","date_gmt":"2018-02-13T13:08:18","guid":{"rendered":"http:\/\/SEBASTIANUS-WESSELING.NRW\/?page_id=1354"},"modified":"2024-01-05T12:49:57","modified_gmt":"2024-01-05T12:49:57","slug":"impressum","status":"publish","type":"page","link":"https:\/\/sebastianus-wesseling.nrw\/?page_id=1354","title":{"rendered":"Impressum"},"content":{"rendered":"<div id=\"pl-1354\"  class=\"panel-layout\" ><div id=\"pg-1354-0\"  class=\"panel-grid panel-has-style\" ><div class=\"panel-row-style panel-row-style-for-1354-0\" ><div id=\"pgc-1354-0-0\"  class=\"panel-grid-cell\" ><div id=\"panel-1354-0-0-0\" class=\"so-panel widget widget_sow-editor panel-first-child panel-last-child\" data-index=\"0\" ><div class=\"panel-widget-style panel-widget-style-for-1354-0-0-0\" ><div\n\t\t\t\n\t\t\tclass=\"so-widget-sow-editor so-widget-sow-editor-base\"\n\t\t\t\n\t\t>\n<div class=\"siteorigin-widget-tinymce textwidget\">\n\t<p><strong>St. Sebastianus-Sch\u00fctzenbruderschaft Wesseling vor 1518 e. V.<\/strong><\/p>\n<p><span class=\"text_exposed_show\">V.i.S.d.P.: Der Vorstand<br \/>\n1. Brudermeister Alexander Klein<br \/>\nPochwerkstra\u00dfe 2, 53894 Mechernich<br \/>\n<\/span><\/p>\n<p><span class=\"text_exposed_show\">E-Mail: info@sebastianus-wesseling.nrw<br \/>\nVereinsregister K\u00f6ln Nr. 700335.<\/span><\/p>\n<p>Trainingszeiten f\u00fcr den Schie\u00dfsport:<br \/>\nMittwochs von 18 \u2013 20 Uhr<\/p>\n<p>Rathauskeller<br \/>\nAlfons-M\u00fcller-Platz<span class=\"text_exposed_show\"><br \/>\n50389 Wesseling<br \/>\nTelefon: 0 22 36 \/ 70 13 74<\/span><\/p>\n<\/div>\n<\/div><\/div><\/div><\/div><div id=\"pgc-1354-0-1\"  class=\"panel-grid-cell\" ><div id=\"panel-1354-0-1-0\" class=\"so-panel widget widget_media_image panel-first-child panel-last-child\" data-index=\"1\" ><img width=\"184\" height=\"300\" src=\"https:\/\/sebastianus-wesseling.nrw\/wp-content\/uploads\/2018\/02\/wappen_vektorisiert-1-184x300.png\" class=\"image wp-image-11  attachment-medium size-medium\" alt=\"\" decoding=\"async\" loading=\"lazy\" style=\"max-width: 100%; height: auto;\" srcset=\"https:\/\/sebastianus-wesseling.nrw\/wp-content\/uploads\/2018\/02\/wappen_vektorisiert-1-184x300.png 184w, https:\/\/sebastianus-wesseling.nrw\/wp-content\/uploads\/2018\/02\/wappen_vektorisiert-1.png 299w\" sizes=\"(max-width: 184px) 100vw, 184px\" \/><\/div><\/div><\/div><\/div><\/div>","protected":false},"excerpt":{"rendered":"<p>St. Sebastianus-Sch\u00fctzenbruderschaft Wesseling vor 1518 e. V. V.i.S.d.P.: Der Vorstand 1. Brudermeister Alexander Klein Pochwerkstra\u00dfe 2, 53894 Mechernich E-Mail: info@sebastianus-wesseling.nrw Vereinsregister K\u00f6ln Nr. 700335. Trainingszeiten f\u00fcr den Schie\u00dfsport: Mittwochs von &#8230;<\/p>\n","protected":false},"author":1,"featured_media":0,"parent":0,"menu_order":0,"comment_status":"closed","ping_status":"closed","template":"","meta":[],"_links":{"self":[{"href":"https:\/\/sebastianus-wesseling.nrw\/index.php?rest_route=\/wp\/v2\/pages\/1354"}],"collection":[{"href":"https:\/\/sebastianus-wesseling.nrw\/index.php?rest_route=\/wp\/v2\/pages"}],"about":[{"href":"https:\/\/sebastianus-wesseling.nrw\/index.php?rest_route=\/wp\/v2\/types\/page"}],"author":[{"embeddable":true,"href":"https:\/\/sebastianus-wesseling.nrw\/index.php?rest_route=\/wp\/v2\/users\/1"}],"replies":[{"embeddable":true,"href":"https:\/\/sebastianus-wesseling.nrw\/index.php?rest_route=%2Fwp%2Fv2%2Fcomments&post=1354"}],"version-history":[{"count":14,"href":"https:\/\/sebastianus-wesseling.nrw\/index.php?rest_route=\/wp\/v2\/pages\/1354\/revisions"}],"predecessor-version":[{"id":1887,"href":"https:\/\/sebastianus-wesseling.nrw\/index.php?rest_route=\/wp\/v2\/pages\/1354\/revisions\/1887"}],"wp:attachment":[{"href":"https:\/\/sebastianus-wesseling.nrw\/index.php?rest_route=%2Fwp%2Fv2%2Fmedia&parent=1354"}],"curies":[{"name":"wp","href":"https:\/\/api.w.org\/{rel}","templated":true}]}}